{"id":274,"date":"2023-06-29T13:17:23","date_gmt":"2023-06-29T13:17:23","guid":{"rendered":"https:\/\/disclose.u-bourgogne.fr\/?page_id=274"},"modified":"2023-06-29T13:17:23","modified_gmt":"2023-06-29T13:17:23","slug":"presentation","status":"publish","type":"page","link":"https:\/\/disclose.u-bourgogne.fr\/","title":{"rendered":"Pr\u00e9sentation"},"content":{"rendered":"\n<p>Le projet part du principe que les activit\u00e9s de loisirs, comme le sport et sa \u00ab consommation \u00bb, prennent une place importante dans la vie quotidienne. La (nouvelle) pratique, commerciale et marketing, qui consiste \u00e0 changer la d\u00e9nomination des lieux publics pour y associer un sponsor s\u2019av\u00e8re particuli\u00e8rement int\u00e9ressante en analyse de discours, car une analyse diachronique des noms d\u00e9finis en tant qu&rsquo;artefacts ainsi que leur utilisation r\u00e9elle dans la vie quotidienne permet de tirer des conclusions sur les aspirations d&rsquo;une soci\u00e9t\u00e9. En plus d\u2019\u00eatre un choix \u00e9conomique, nos r\u00e9flexions invitent aussi \u00e0 les consid\u00e9rer comme une d\u00e9cision linguistique aux implications sociales non n\u00e9gligeables. Pourtant, l&rsquo;acceptation de ces nouvelles d\u00e9nominations d\u00e9pend largement des supporters. Le projet vise donc \u00e0 analyser les nouveaux noms des sites sportifs utilis\u00e9s sur un plan linguistique (en tant que n\u00e9ologismes toponymiques) dans diff\u00e9rentes r\u00e9gions en France et quatre pays europ\u00e9ens pour identifier les convergences et divergences, puis les comparer selon le contexte \u00e9conomique, linguistique et discursif en prenant en compte la r\u00e9action des supporters.<\/p>\n","protected":false},"excerpt":{"rendered":"<p>Le projet part du principe que les activit\u00e9s de loisirs, comme le sport et sa \u00ab consommation \u00bb, prennent une place importante dans la vie quotidienne. La (nouvelle) pratique, commerciale et marketing, qui consiste \u00e0 changer la d\u00e9nomination des lieux publics pour y associer un sponsor s\u2019av\u00e8re particuli\u00e8rement int\u00e9ressante en analyse de discours, car une [&hellip;]<\/p>\n","protected":false},"author":1,"featured_media":0,"parent":0,"menu_order":0,"comment_status":"closed","ping_status":"closed","template":"","meta":{"footnotes":""},"class_list":["post-274","page","type-page","status-publish","hentry"],"_links":{"self":[{"href":"https:\/\/disclose.u-bourgogne.fr\/index.php\/wp-json\/wp\/v2\/pages\/274","targetHints":{"allow":["GET"]}}],"collection":[{"href":"https:\/\/disclose.u-bourgogne.fr\/index.php\/wp-json\/wp\/v2\/pages"}],"about":[{"href":"https:\/\/disclose.u-bourgogne.fr\/index.php\/wp-json\/wp\/v2\/types\/page"}],"author":[{"embeddable":true,"href":"https:\/\/disclose.u-bourgogne.fr\/index.php\/wp-json\/wp\/v2\/users\/1"}],"replies":[{"embeddable":true,"href":"https:\/\/disclose.u-bourgogne.fr\/index.php\/wp-json\/wp\/v2\/comments?post=274"}],"version-history":[{"count":1,"href":"https:\/\/disclose.u-bourgogne.fr\/index.php\/wp-json\/wp\/v2\/pages\/274\/revisions"}],"predecessor-version":[{"id":275,"href":"https:\/\/disclose.u-bourgogne.fr\/index.php\/wp-json\/wp\/v2\/pages\/274\/revisions\/275"}],"wp:attachment":[{"href":"https:\/\/disclose.u-bourgogne.fr\/index.php\/wp-json\/wp\/v2\/media?parent=274"}],"curies":[{"name":"wp","href":"https:\/\/api.w.org\/{rel}","templated":true}]}}